{"id":49,"date":"2024-11-07T13:07:09","date_gmt":"2024-11-07T12:07:09","guid":{"rendered":"http:\/\/misternatural.cat\/?page_id=49"},"modified":"2025-10-27T09:36:44","modified_gmt":"2025-10-27T08:36:44","slug":"qui-som","status":"publish","type":"page","link":"https:\/\/www.misternatural.cat\/es\/qui-som\/","title":{"rendered":"Qui\u00e9nes somos"},"content":{"rendered":"<div data-elementor-type=\"wp-page\" data-elementor-id=\"49\" class=\"elementor elementor-49\" data-elementor-post-type=\"page\">\n\t\t\t\t<div class=\"elementor-element elementor-element-1761ead e-con-full e-flex e-con e-parent\" data-id=\"1761ead\" data-element_type=\"container\" data-e-type=\"container\">\n\t\t<div class=\"elementor-element elementor-element-b2dcefb e-con-full e-flex e-con e-child\" data-id=\"b2dcefb\" data-element_type=\"container\" data-e-type=\"container\">\n\t\t\t\t<div class=\"elementor-element elementor-element-9417845 elementor-widget elementor-widget-heading\" data-id=\"9417845\" data-element_type=\"widget\" data-e-type=\"widget\" data-widget_type=\"heading.default\">\n\t\t\t\t<div class=\"elementor-widget-container\">\n\t\t\t\t\t<h2 class=\"elementor-heading-title elementor-size-default\">Tienda de comestibles, <strong>producto local y comercio justo<\/strong>, en Colomers<\/h2>\t\t\t\t<\/div>\n\t\t\t\t<\/div>\n\t\t\t\t<div class=\"elementor-element elementor-element-27111b9 elementor-widget elementor-widget-text-editor\" data-id=\"27111b9\" data-element_type=\"widget\" data-e-type=\"widget\" data-widget_type=\"text-editor.default\">\n\t\t\t\t<div class=\"elementor-widget-container\">\n\t\t\t\t\t\t\t\t\t<p>Natural es el punto de encuentro de muchas variables, del momento de vivir una vida tranquila, de cocinar buenos alimentos y de apostar por un mundo justo y sin residuos.<br \/>Anna y Alberto, despu\u00e9s de viajar, encontraron que el Empord\u00e0 era el lugar ideal para estar cerca del mar y sin demasiados pol\u00edgonos industriales alrededor.<\/p><p>Y MISTERNATURAL ha sido y sigue siendo el lugar donde quisieron abrir su tienda.\nUna tienda de comestibles con todo tipo de productos para todo el pueblo.<\/p>\t\t\t\t\t\t\t\t<\/div>\n\t\t\t\t<\/div>\n\t\t\t\t<\/div>\n\t\t<div class=\"elementor-element elementor-element-25203d2 e-con-full e-flex e-con e-child\" data-id=\"25203d2\" data-element_type=\"container\" data-e-type=\"container\" data-settings=\"{&quot;background_background&quot;:&quot;classic&quot;}\">\n\t\t\t\t<div class=\"elementor-element elementor-element-7093702 elementor-widget elementor-widget-spacer\" data-id=\"7093702\" data-element_type=\"widget\" data-e-type=\"widget\" data-widget_type=\"spacer.default\">\n\t\t\t\t<div class=\"elementor-widget-container\">\n\t\t\t\t\t\t\t<div class=\"elementor-spacer\">\n\t\t\t<div class=\"elementor-spacer-inner\"><\/div>\n\t\t<\/div>\n\t\t\t\t\t\t<\/div>\n\t\t\t\t<\/div>\n\t\t\t\t<\/div>\n\t\t\t\t<\/div>\n\t\t\t\t<\/div>","protected":false},"excerpt":{"rendered":"<p>Botiga de queviures, producte local i comer\u00e7 just, a Colomers Natural \u00e9s el punt de trobada de moltes variables, del moment de viure una vida tranquila, de coure bons aliments i d\u2019apostar per un m\u00f3n just i sense residus. L\u2019Anna i l\u2019Alberto, despr\u00e9s de viatjar van trobar que l\u2019Empord\u00e0 era ell lloc per estar al [&hellip;]<\/p>\n","protected":false},"author":1,"featured_media":54,"parent":0,"menu_order":0,"comment_status":"closed","ping_status":"closed","template":"","meta":{"footnotes":""},"class_list":["post-49","page","type-page","status-publish","has-post-thumbnail","hentry"],"_links":{"self":[{"href":"https:\/\/www.misternatural.cat\/es\/wp-json\/wp\/v2\/pages\/49","targetHints":{"allow":["GET"]}}],"collection":[{"href":"https:\/\/www.misternatural.cat\/es\/wp-json\/wp\/v2\/pages"}],"about":[{"href":"https:\/\/www.misternatural.cat\/es\/wp-json\/wp\/v2\/types\/page"}],"author":[{"embeddable":true,"href":"https:\/\/www.misternatural.cat\/es\/wp-json\/wp\/v2\/users\/1"}],"replies":[{"embeddable":true,"href":"https:\/\/www.misternatural.cat\/es\/wp-json\/wp\/v2\/comments?post=49"}],"version-history":[{"count":20,"href":"https:\/\/www.misternatural.cat\/es\/wp-json\/wp\/v2\/pages\/49\/revisions"}],"predecessor-version":[{"id":353,"href":"https:\/\/www.misternatural.cat\/es\/wp-json\/wp\/v2\/pages\/49\/revisions\/353"}],"wp:featuredmedia":[{"embeddable":true,"href":"https:\/\/www.misternatural.cat\/es\/wp-json\/wp\/v2\/media\/54"}],"wp:attachment":[{"href":"https:\/\/www.misternatural.cat\/es\/wp-json\/wp\/v2\/media?parent=49"}],"curies":[{"name":"wp","href":"https:\/\/api.w.org\/{rel}","templated":true}]}}