{"id":44,"date":"2024-11-07T13:06:03","date_gmt":"2024-11-07T12:06:03","guid":{"rendered":"http:\/\/misternatural.cat\/?page_id=44"},"modified":"2025-10-27T09:38:48","modified_gmt":"2025-10-27T08:38:48","slug":"productes-destacats","status":"publish","type":"page","link":"https:\/\/www.misternatural.cat\/es\/productes-destacats\/","title":{"rendered":"Productos destacados"},"content":{"rendered":"\t\t<div data-elementor-type=\"wp-page\" data-elementor-id=\"44\" class=\"elementor elementor-44\" data-elementor-post-type=\"page\">\n\t\t\t\t<div class=\"elementor-element elementor-element-61ebd2c e-con-full e-flex e-con e-parent\" data-id=\"61ebd2c\" data-element_type=\"container\" data-e-type=\"container\">\n\t\t\t\t<div class=\"elementor-element elementor-element-60c4321 elementor-invisible elementor-widget elementor-widget-heading\" data-id=\"60c4321\" data-element_type=\"widget\" data-e-type=\"widget\" data-settings=\"{&quot;_animation&quot;:&quot;fadeInDown&quot;,&quot;_animation_delay&quot;:1600}\" data-widget_type=\"heading.default\">\n\t\t\t\t<div class=\"elementor-widget-container\">\n\t\t\t\t\t<h2 class=\"elementor-heading-title elementor-size-default\">LA NOSTRA SELECCI\u00d3 DE PRODUCTES LOCALS I COMER\u00c7 JUST<\/h2>\t\t\t\t<\/div>\n\t\t\t\t<\/div>\n\t\t\t\t<\/div>\n\t\t<div class=\"elementor-element elementor-element-52c3b41 e-con-full e-flex e-con e-parent\" data-id=\"52c3b41\" data-element_type=\"container\" data-e-type=\"container\">\n\t\t<div class=\"elementor-element elementor-element-94f3b6c e-con-full e-flex e-con e-child\" data-id=\"94f3b6c\" data-element_type=\"container\" data-e-type=\"container\">\n\t\t\t\t<div class=\"elementor-element elementor-element-1a343f1 animated-slow elementor-invisible elementor-widget elementor-widget-heading\" data-id=\"1a343f1\" data-element_type=\"widget\" data-e-type=\"widget\" data-settings=\"{&quot;_animation&quot;:&quot;fadeIn&quot;}\" data-widget_type=\"heading.default\">\n\t\t\t\t<div class=\"elementor-widget-container\">\n\t\t\t\t\t<h2 class=\"elementor-heading-title elementor-size-default\">Descobreix productes \u00fanics de proximitat, de comer\u00e7 just i per a totes les necessitats<\/h2>\t\t\t\t<\/div>\n\t\t\t\t<\/div>\n\t\t\t\t<div class=\"elementor-element elementor-element-8030b13 elementor-align-start elementor-icon-list--layout-traditional elementor-list-item-link-full_width elementor-invisible elementor-widget elementor-widget-icon-list\" data-id=\"8030b13\" data-element_type=\"widget\" data-e-type=\"widget\" data-settings=\"{&quot;_animation&quot;:&quot;fadeInUp&quot;,&quot;_animation_delay&quot;:1200}\" data-widget_type=\"icon-list.default\">\n\t\t\t\t<div class=\"elementor-widget-container\">\n\t\t\t\t\t\t\t<ul class=\"elementor-icon-list-items\">\n\t\t\t\t\t\t\t<li class=\"elementor-icon-list-item\">\n\t\t\t\t\t\t\t\t\t\t\t<a href=\"https:\/\/www.google.com\/maps\/place\/Mr.+Natural+-+Botiga+de+queviures\/@42.0836914,2.9835542,17z\/data=!3m1!4b1!4m6!3m5!1s0x12baf1088a23c1bb:0x3dd69c21e18cfddb!8m2!3d42.0836874!4d2.9861291!16s%2Fg%2F11p5l6l82v?entry=ttu&#038;g_ep=EgoyMDI0MTAyOS4wIKXMDSoASAFQAw%3D%3D\" target=\"_blank\" rel=\"noopener\">\n\n\t\t\t\t\t\t\t\t\t\t\t\t<span class=\"elementor-icon-list-icon\">\n\t\t\t\t\t\t\t<svg aria-hidden=\"true\" class=\"e-font-icon-svg e-fas-map-marker-alt\" viewBox=\"0 0 384 512\" xmlns=\"http:\/\/www.w3.org\/2000\/svg\"><path d=\"M172.268 501.67C26.97 291.031 0 269.413 0 192 0 85.961 85.961 0 192 0s192 85.961 192 192c0 77.413-26.97 99.031-172.268 309.67-9.535 13.774-29.93 13.773-39.464 0zM192 272c44.183 0 80-35.817 80-80s-35.817-80-80-80-80 35.817-80 80 35.817 80 80 80z\"><\/path><\/svg>\t\t\t\t\t\t<\/span>\n\t\t\t\t\t\t\t\t\t\t<span class=\"elementor-icon-list-text\">Troba-ho tot a Colomers<\/span>\n\t\t\t\t\t\t\t\t\t\t\t<\/a>\n\t\t\t\t\t\t\t\t\t<\/li>\n\t\t\t\t\t\t<\/ul>\n\t\t\t\t\t\t<\/div>\n\t\t\t\t<\/div>\n\t\t\t\t<\/div>\n\t\t<div class=\"elementor-element elementor-element-2750d94 e-con-full e-flex e-con e-child\" data-id=\"2750d94\" data-element_type=\"container\" data-e-type=\"container\">\n\t\t\t\t<div class=\"elementor-element elementor-element-a22cba9 elementor-widget elementor-widget-text-editor\" data-id=\"a22cba9\" data-element_type=\"widget\" data-e-type=\"widget\" data-widget_type=\"text-editor.default\">\n\t\t\t\t<div class=\"elementor-widget-container\">\n\t\t\t\t\t\t\t\t\t<p>Disposem d&#8217;una gran selecci\u00f3 de productes de tot tipus, sempre respectant el seu origen i que sigui de comer\u00e7 just.\u00a0<\/p><p>Molts productes els tenim sota comanda, si est\u00e0s interessat\/da en algun, tens dubtes, o vols saber si tenim disponibilitat, envia&#8217;ns un missatge!<\/p>\t\t\t\t\t\t\t\t<\/div>\n\t\t\t\t<\/div>\n\t\t\t\t<\/div>\n\t\t\t\t<\/div>\n\t\t<div class=\"elementor-element elementor-element-344520e e-con-full e-flex e-con e-parent\" data-id=\"344520e\" data-element_type=\"container\" data-e-type=\"container\">\n\t\t\t\t<div class=\"elementor-element elementor-element-ee53b2d elementor-grid-4 elementor-grid-tablet-2 elementor-grid-mobile-1 elementor-widget elementor-widget-loop-grid\" data-id=\"ee53b2d\" data-element_type=\"widget\" data-e-type=\"widget\" data-settings=\"{&quot;template_id&quot;:&quot;217&quot;,&quot;columns&quot;:4,&quot;_skin&quot;:&quot;post&quot;,&quot;columns_tablet&quot;:&quot;2&quot;,&quot;columns_mobile&quot;:&quot;1&quot;,&quot;edit_handle_selector&quot;:&quot;[data-elementor-type=\\&quot;loop-item\\&quot;]&quot;,&quot;row_gap&quot;:{&quot;unit&quot;:&quot;px&quot;,&quot;size&quot;:&quot;&quot;,&quot;sizes&quot;:[]},&quot;row_gap_tablet&quot;:{&quot;unit&quot;:&quot;px&quot;,&quot;size&quot;:&quot;&quot;,&quot;sizes&quot;:[]},&quot;row_gap_mobile&quot;:{&quot;unit&quot;:&quot;px&quot;,&quot;size&quot;:&quot;&quot;,&quot;sizes&quot;:[]}}\" data-widget_type=\"loop-grid.post\">\n\t\t\t\t<div class=\"elementor-widget-container\">\n\t\t\t\t\t\t\t<div class=\"elementor-loop-container elementor-grid\" role=\"list\">\n\t\t<style id=\"loop-217\">.elementor-217 .elementor-element.elementor-element-3289f89{--display:flex;--flex-direction:column;--container-widget-width:100%;--container-widget-height:initial;--container-widget-flex-grow:0;--container-widget-align-self:initial;--flex-wrap-mobile:wrap;--justify-content:space-evenly;--gap:0px 0px;--row-gap:0px;--column-gap:0px;--border-radius:11px 11px 11px 11px;--padding-top:5%;--padding-bottom:8%;--padding-left:5%;--padding-right:5%;}.elementor-217 .elementor-element.elementor-element-3289f89:not(.elementor-motion-effects-element-type-background), .elementor-217 .elementor-element.elementor-element-3289f89 > .elementor-motion-effects-container > .elementor-motion-effects-layer{background-color:#FFFFFF;}.elementor-widget-theme-post-featured-image .widget-image-caption{color:var( --e-global-color-text );font-family:var( --e-global-typography-text-font-family ), Sans-serif;font-weight:var( --e-global-typography-text-font-weight );}.elementor-217 .elementor-element.elementor-element-7759671 img{width:100%;height:172px;object-fit:cover;object-position:center center;border-radius:12px 12px 12px 12px;}.elementor-widget-theme-post-title .elementor-heading-title{font-family:var( --e-global-typography-primary-font-family ), Sans-serif;font-weight:var( --e-global-typography-primary-font-weight );color:var( --e-global-color-primary );}.elementor-217 .elementor-element.elementor-element-ae172fd .elementor-heading-title{font-family:\"DM Sans\", Sans-serif;font-size:23px;font-weight:600;}.elementor-217 .elementor-element.elementor-element-ae172fd > .elementor-widget-container{margin:14px 0px 0px 7px;}.elementor-widget-text-editor{font-family:var( --e-global-typography-text-font-family ), Sans-serif;font-weight:var( --e-global-typography-text-font-weight );color:var( --e-global-color-text );}.elementor-widget-text-editor.elementor-drop-cap-view-stacked .elementor-drop-cap{background-color:var( --e-global-color-primary );}.elementor-widget-text-editor.elementor-drop-cap-view-framed .elementor-drop-cap, .elementor-widget-text-editor.elementor-drop-cap-view-default .elementor-drop-cap{color:var( --e-global-color-primary );border-color:var( --e-global-color-primary );}.elementor-217 .elementor-element.elementor-element-a75a598 > .elementor-widget-container{margin:6px 6px 0px 7px;}.elementor-widget-button .elementor-button{font-family:var( --e-global-typography-accent-font-family ), Sans-serif;font-weight:var( --e-global-typography-accent-font-weight );background-color:var( --e-global-color-accent );}.elementor-217 .elementor-element.elementor-element-bc2412c .elementor-button-content-wrapper{flex-direction:row-reverse;}.elementor-217 .elementor-element.elementor-element-bc2412c .elementor-button .elementor-button-content-wrapper{gap:6px;}.elementor-217 .elementor-element.elementor-element-bc2412c .elementor-button{font-family:\"DM Sans\", Sans-serif;font-weight:500;letter-spacing:1.7px;fill:#FFFFFF;color:#FFFFFF;background-color:#CFC9BA;border-radius:19px 19px 19px 19px;padding:11px 24px 7px 24px;}.elementor-217 .elementor-element.elementor-element-bc2412c .elementor-button:hover, .elementor-217 .elementor-element.elementor-element-bc2412c .elementor-button:focus{background-color:var( --e-global-color-accent );}<\/style>\t\t<div data-elementor-type=\"loop-item\" data-elementor-id=\"217\" class=\"elementor elementor-217 e-loop-item e-loop-item-197 post-197 productes_destacats type-productes_destacats status-publish has-post-thumbnail hentry\" data-elementor-post-type=\"elementor_library\" data-custom-edit-handle=\"1\">\n\t\t\t<div class=\"elementor-element elementor-element-3289f89 e-flex e-con-boxed e-con e-parent\" data-id=\"3289f89\" data-element_type=\"container\" data-e-type=\"container\" data-settings=\"{&quot;background_background&quot;:&quot;classic&quot;}\">\n\t\t\t\t\t<div class=\"e-con-inner\">\n\t\t\t\t<div class=\"elementor-element elementor-element-7759671 elementor-widget elementor-widget-theme-post-featured-image elementor-widget-image\" data-id=\"7759671\" data-element_type=\"widget\" data-e-type=\"widget\" data-widget_type=\"theme-post-featured-image.default\">\n\t\t\t\t<div class=\"elementor-widget-container\">\n\t\t\t\t\t\t\t\t\t\t\t\t\t\t\t\t<a href=\"https:\/\/www.misternatural.cat\/es\/productes_destacats\/aigua-de-benassal\/\">\n\t\t\t\t\t\t\t<img fetchpriority=\"high\" decoding=\"async\" width=\"800\" height=\"494\" src=\"https:\/\/www.misternatural.cat\/wp-content\/uploads\/2024\/11\/agua-knwB-ROvGDYOpCL7YFvJ1FKynETP-1248x770@Las-Provincias-LasProvincias.jpg-1024x632.webp\" class=\"elementor-animation-grow attachment-large size-large wp-image-198\" alt=\"Aigua de Benassal\" srcset=\"https:\/\/www.misternatural.cat\/wp-content\/uploads\/2024\/11\/agua-knwB-ROvGDYOpCL7YFvJ1FKynETP-1248x770@Las-Provincias-LasProvincias.jpg-1024x632.webp 1024w, https:\/\/www.misternatural.cat\/wp-content\/uploads\/2024\/11\/agua-knwB-ROvGDYOpCL7YFvJ1FKynETP-1248x770@Las-Provincias-LasProvincias.jpg-300x185.webp 300w, https:\/\/www.misternatural.cat\/wp-content\/uploads\/2024\/11\/agua-knwB-ROvGDYOpCL7YFvJ1FKynETP-1248x770@Las-Provincias-LasProvincias.jpg-768x474.webp 768w, https:\/\/www.misternatural.cat\/wp-content\/uploads\/2024\/11\/agua-knwB-ROvGDYOpCL7YFvJ1FKynETP-1248x770@Las-Provincias-LasProvincias.jpg-18x12.webp 18w, https:\/\/www.misternatural.cat\/wp-content\/uploads\/2024\/11\/agua-knwB-ROvGDYOpCL7YFvJ1FKynETP-1248x770@Las-Provincias-LasProvincias.jpg.webp 1248w\" sizes=\"(max-width: 800px) 100vw, 800px\" \/>\t\t\t\t\t\t\t\t<\/a>\n\t\t\t\t\t\t\t\t\t\t\t\t\t\t\t<\/div>\n\t\t\t\t<\/div>\n\t\t\t\t<div class=\"elementor-element elementor-element-ae172fd elementor-widget elementor-widget-theme-post-title elementor-page-title elementor-widget-heading\" data-id=\"ae172fd\" data-element_type=\"widget\" data-e-type=\"widget\" data-widget_type=\"theme-post-title.default\">\n\t\t\t\t<div class=\"elementor-widget-container\">\n\t\t\t\t\t<h2 class=\"elementor-heading-title elementor-size-default\">Aigua de Benassal<\/h2>\t\t\t\t<\/div>\n\t\t\t\t<\/div>\n\t\t\t\t<div class=\"elementor-element elementor-element-a75a598 elementor-widget elementor-widget-text-editor\" data-id=\"a75a598\" data-element_type=\"widget\" data-e-type=\"widget\" data-widget_type=\"text-editor.default\">\n\t\t\t\t<div class=\"elementor-widget-container\">\n\t\t\t\t\t\t\t\t\t<p>Una de les millors aig\u00fces mineromedicinals del m\u00f3n, a\t\t\t\t\t\t\t\t<\/div>\n\t\t\t\t<\/div>\n\t\t\t\t<div class=\"elementor-element elementor-element-bc2412c elementor-align-left elementor-widget elementor-widget-button\" data-id=\"bc2412c\" data-element_type=\"widget\" data-e-type=\"widget\" data-widget_type=\"button.default\">\n\t\t\t\t<div class=\"elementor-widget-container\">\n\t\t\t\t\t\t\t\t\t<div class=\"elementor-button-wrapper\">\n\t\t\t\t\t<a class=\"elementor-button elementor-button-link elementor-size-sm\" href=\"https:\/\/www.misternatural.cat\/es\/productes_destacats\/aigua-de-benassal\/\">\n\t\t\t\t\t\t<span class=\"elementor-button-content-wrapper\">\n\t\t\t\t\t\t<span class=\"elementor-button-icon\">\n\t\t\t\t<svg aria-hidden=\"true\" class=\"e-font-icon-svg e-fas-arrow-circle-right\" viewBox=\"0 0 512 512\" xmlns=\"http:\/\/www.w3.org\/2000\/svg\"><path d=\"M256 8c137 0 248 111 248 248S393 504 256 504 8 393 8 256 119 8 256 8zm-28.9 143.6l75.5 72.4H120c-13.3 0-24 10.7-24 24v16c0 13.3 10.7 24 24 24h182.6l-75.5 72.4c-9.7 9.3-9.9 24.8-.4 34.3l11 10.9c9.4 9.4 24.6 9.4 33.9 0L404.3 273c9.4-9.4 9.4-24.6 0-33.9L271.6 106.3c-9.4-9.4-24.6-9.4-33.9 0l-11 10.9c-9.5 9.6-9.3 25.1.4 34.4z\"><\/path><\/svg>\t\t\t<\/span>\n\t\t\t\t\t\t\t\t\t<span class=\"elementor-button-text\">M\u00c9S INFORMACI\u00d3<\/span>\n\t\t\t\t\t<\/span>\n\t\t\t\t\t<\/a>\n\t\t\t\t<\/div>\n\t\t\t\t\t\t\t\t<\/div>\n\t\t\t\t<\/div>\n\t\t\t\t\t<\/div>\n\t\t\t\t<\/div>\n\t\t\t\t<\/div>\n\t\t\t\t<div data-elementor-type=\"loop-item\" data-elementor-id=\"217\" class=\"elementor elementor-217 e-loop-item e-loop-item-195 post-195 productes_destacats type-productes_destacats status-publish has-post-thumbnail hentry\" data-elementor-post-type=\"elementor_library\" data-custom-edit-handle=\"1\">\n\t\t\t<div class=\"elementor-element elementor-element-3289f89 e-flex e-con-boxed e-con e-parent\" data-id=\"3289f89\" data-element_type=\"container\" data-e-type=\"container\" data-settings=\"{&quot;background_background&quot;:&quot;classic&quot;}\">\n\t\t\t\t\t<div class=\"e-con-inner\">\n\t\t\t\t<div class=\"elementor-element elementor-element-7759671 elementor-widget elementor-widget-theme-post-featured-image elementor-widget-image\" data-id=\"7759671\" data-element_type=\"widget\" data-e-type=\"widget\" data-widget_type=\"theme-post-featured-image.default\">\n\t\t\t\t<div class=\"elementor-widget-container\">\n\t\t\t\t\t\t\t\t\t\t\t\t\t\t\t\t<a href=\"https:\/\/www.misternatural.cat\/es\/productes_destacats\/pa-artesanal\/\">\n\t\t\t\t\t\t\t<img decoding=\"async\" width=\"800\" height=\"667\" src=\"https:\/\/www.misternatural.cat\/wp-content\/uploads\/2024\/11\/Captura-de-pantalla-2024-11-21-a-las-13.16.02-1024x854.jpg\" class=\"elementor-animation-grow attachment-large size-large wp-image-196\" alt=\"Pa artesanal ecol\u00f2gic | MisterNatural\" srcset=\"https:\/\/www.misternatural.cat\/wp-content\/uploads\/2024\/11\/Captura-de-pantalla-2024-11-21-a-las-13.16.02-1024x854.jpg 1024w, https:\/\/www.misternatural.cat\/wp-content\/uploads\/2024\/11\/Captura-de-pantalla-2024-11-21-a-las-13.16.02-300x250.jpg 300w, https:\/\/www.misternatural.cat\/wp-content\/uploads\/2024\/11\/Captura-de-pantalla-2024-11-21-a-las-13.16.02-768x641.jpg 768w, https:\/\/www.misternatural.cat\/wp-content\/uploads\/2024\/11\/Captura-de-pantalla-2024-11-21-a-las-13.16.02-14x12.jpg 14w, https:\/\/www.misternatural.cat\/wp-content\/uploads\/2024\/11\/Captura-de-pantalla-2024-11-21-a-las-13.16.02.jpg 1374w\" sizes=\"(max-width: 800px) 100vw, 800px\" \/>\t\t\t\t\t\t\t\t<\/a>\n\t\t\t\t\t\t\t\t\t\t\t\t\t\t\t<\/div>\n\t\t\t\t<\/div>\n\t\t\t\t<div class=\"elementor-element elementor-element-ae172fd elementor-widget elementor-widget-theme-post-title elementor-page-title elementor-widget-heading\" data-id=\"ae172fd\" data-element_type=\"widget\" data-e-type=\"widget\" data-widget_type=\"theme-post-title.default\">\n\t\t\t\t<div class=\"elementor-widget-container\">\n\t\t\t\t\t<h2 class=\"elementor-heading-title elementor-size-default\">Pa artesanal<\/h2>\t\t\t\t<\/div>\n\t\t\t\t<\/div>\n\t\t\t\t<div class=\"elementor-element elementor-element-a75a598 elementor-widget elementor-widget-text-editor\" data-id=\"a75a598\" data-element_type=\"widget\" data-e-type=\"widget\" data-widget_type=\"text-editor.default\">\n\t\t\t\t<div class=\"elementor-widget-container\">\n\t\t\t\t\t\t\t\t\t<p>Necessitem la comanda com a m\u00e0xim el DIMARTS a\t\t\t\t\t\t\t\t<\/div>\n\t\t\t\t<\/div>\n\t\t\t\t<div class=\"elementor-element elementor-element-bc2412c elementor-align-left elementor-widget elementor-widget-button\" data-id=\"bc2412c\" data-element_type=\"widget\" data-e-type=\"widget\" data-widget_type=\"button.default\">\n\t\t\t\t<div class=\"elementor-widget-container\">\n\t\t\t\t\t\t\t\t\t<div class=\"elementor-button-wrapper\">\n\t\t\t\t\t<a class=\"elementor-button elementor-button-link elementor-size-sm\" href=\"https:\/\/www.misternatural.cat\/es\/productes_destacats\/pa-artesanal\/\">\n\t\t\t\t\t\t<span class=\"elementor-button-content-wrapper\">\n\t\t\t\t\t\t<span class=\"elementor-button-icon\">\n\t\t\t\t<svg aria-hidden=\"true\" class=\"e-font-icon-svg e-fas-arrow-circle-right\" viewBox=\"0 0 512 512\" xmlns=\"http:\/\/www.w3.org\/2000\/svg\"><path d=\"M256 8c137 0 248 111 248 248S393 504 256 504 8 393 8 256 119 8 256 8zm-28.9 143.6l75.5 72.4H120c-13.3 0-24 10.7-24 24v16c0 13.3 10.7 24 24 24h182.6l-75.5 72.4c-9.7 9.3-9.9 24.8-.4 34.3l11 10.9c9.4 9.4 24.6 9.4 33.9 0L404.3 273c9.4-9.4 9.4-24.6 0-33.9L271.6 106.3c-9.4-9.4-24.6-9.4-33.9 0l-11 10.9c-9.5 9.6-9.3 25.1.4 34.4z\"><\/path><\/svg>\t\t\t<\/span>\n\t\t\t\t\t\t\t\t\t<span class=\"elementor-button-text\">M\u00c9S INFORMACI\u00d3<\/span>\n\t\t\t\t\t<\/span>\n\t\t\t\t\t<\/a>\n\t\t\t\t<\/div>\n\t\t\t\t\t\t\t\t<\/div>\n\t\t\t\t<\/div>\n\t\t\t\t\t<\/div>\n\t\t\t\t<\/div>\n\t\t\t\t<\/div>\n\t\t\t\t<\/div>\n\t\t\n\t\t\t\t\t\t<\/div>\n\t\t\t\t<\/div>\n\t\t\t\t<\/div>\n\t\t\t\t<\/div>\n\t\t","protected":false},"excerpt":{"rendered":"<p>LA NOSTRA SELECCI\u00d3 DE PRODUCTES LOCALS I COMER\u00c7 JUST Descobreix productes \u00fanics de proximitat, de comer\u00e7 just i per a totes les necessitats Troba-ho tot a Colomers Disposem d&#8217;una gran selecci\u00f3 de productes de tot tipus, sempre respectant el seu origen i que sigui de comer\u00e7 just. Molts productes els tenim sota comanda, si est\u00e0s [&hellip;]<\/p>\n","protected":false},"author":1,"featured_media":29,"parent":0,"menu_order":0,"comment_status":"closed","ping_status":"closed","template":"","meta":{"footnotes":""},"class_list":["post-44","page","type-page","status-publish","has-post-thumbnail","hentry"],"_links":{"self":[{"href":"https:\/\/www.misternatural.cat\/es\/wp-json\/wp\/v2\/pages\/44","targetHints":{"allow":["GET"]}}],"collection":[{"href":"https:\/\/www.misternatural.cat\/es\/wp-json\/wp\/v2\/pages"}],"about":[{"href":"https:\/\/www.misternatural.cat\/es\/wp-json\/wp\/v2\/types\/page"}],"author":[{"embeddable":true,"href":"https:\/\/www.misternatural.cat\/es\/wp-json\/wp\/v2\/users\/1"}],"replies":[{"embeddable":true,"href":"https:\/\/www.misternatural.cat\/es\/wp-json\/wp\/v2\/comments?post=44"}],"version-history":[{"count":23,"href":"https:\/\/www.misternatural.cat\/es\/wp-json\/wp\/v2\/pages\/44\/revisions"}],"predecessor-version":[{"id":354,"href":"https:\/\/www.misternatural.cat\/es\/wp-json\/wp\/v2\/pages\/44\/revisions\/354"}],"wp:featuredmedia":[{"embeddable":true,"href":"https:\/\/www.misternatural.cat\/es\/wp-json\/wp\/v2\/media\/29"}],"wp:attachment":[{"href":"https:\/\/www.misternatural.cat\/es\/wp-json\/wp\/v2\/media?parent=44"}],"curies":[{"name":"wp","href":"https:\/\/api.w.org\/{rel}","templated":true}]}}